
{"id":6,"date":"2022-07-09T07:30:33","date_gmt":"2022-07-09T07:30:33","guid":{"rendered":"https:\/\/support.wewalk.io\/?page_id=6"},"modified":"2026-03-10T16:31:54","modified_gmt":"2026-03-10T13:31:54","slug":"support-home","status":"publish","type":"page","link":"https:\/\/support.wewalk.io\/tr\/","title":{"rendered":"WeWALK Help Center"},"content":{"rendered":"\t\t<div data-elementor-type=\"wp-post\" data-elementor-id=\"6\" class=\"elementor elementor-6\" data-elementor-post-type=\"page\">\n\t\t\t\t\t\t<section class=\"elementor-section elementor-top-section elementor-element elementor-element-d5c9ef7 elementor-section-height-min-height elementor-section-boxed elementor-section-height-default elementor-section-items-middle\" data-id=\"d5c9ef7\" data-element_type=\"section\" data-e-type=\"section\">\n\t\t\t\t\t\t<div class=\"elementor-container elementor-column-gap-default\">\n\t\t\t\t\t<div class=\"elementor-column elementor-col-100 elementor-top-column elementor-element elementor-element-ef54a27\" data-id=\"ef54a27\" data-element_type=\"column\" data-e-type=\"column\">\n\t\t\t<div class=\"elementor-widget-wrap elementor-element-populated\">\n\t\t\t\t\t\t<div class=\"elementor-element elementor-element-05d065d elementor-widget elementor-widget-heading\" data-id=\"05d065d\" data-element_type=\"widget\" data-e-type=\"widget\" data-widget_type=\"heading.default\">\n\t\t\t\t<div class=\"elementor-widget-container\">\n\t\t\t\t\t<h2 class=\"elementor-heading-title elementor-size-default\">Yard\u0131m Merkezi<\/h2>\t\t\t\t<\/div>\n\t\t\t\t<\/div>\n\t\t\t\t<div class=\"elementor-element elementor-element-22280e7 elementor-widget elementor-widget-betterdocs-search-form\" data-id=\"22280e7\" data-element_type=\"widget\" data-e-type=\"widget\" data-widget_type=\"betterdocs-search-form.default\">\n\t\t\t\t\t<div class=\"betterdocs-search-form-widget-wrapper\"><div class=\"betterdocs-search-modal-layout-1\" id=\"betterdocs-search-modal\" data-placeholder=\"Arama Yap\u0131n\" data-headingtag=\"h1\" data-subheadingtag=\"p\" data-buttontext=\"Search\" data-numberofdocs=\"5\" data-numberoffaqs=\"5\" data-enable_faq_search=\"1\" data-enable_docs_search=\"1\"><\/div><\/div>\t\t\t\t<\/div>\n\t\t\t\t\t<\/div>\n\t\t<\/div>\n\t\t\t\t\t<\/div>\n\t\t<\/section>\n\t\t\t\t<section class=\"elementor-section elementor-top-section elementor-element elementor-element-ebd7864 elementor-section-boxed elementor-section-height-default elementor-section-height-default\" data-id=\"ebd7864\" data-element_type=\"section\" data-e-type=\"section\" data-settings=\"{&quot;background_background&quot;:&quot;classic&quot;}\">\n\t\t\t\t\t\t<div class=\"elementor-container elementor-column-gap-default\">\n\t\t\t\t\t<div class=\"elementor-column elementor-col-100 elementor-top-column elementor-element elementor-element-8e8fed0\" data-id=\"8e8fed0\" data-element_type=\"column\" data-e-type=\"column\" data-settings=\"{&quot;background_background&quot;:&quot;classic&quot;}\">\n\t\t\t<div class=\"elementor-widget-wrap elementor-element-populated\">\n\t\t\t\t\t\t<div class=\"elementor-element elementor-element-eb7ab42 elementor-grid-1 elementor-grid-tablet-2 elementor-grid-mobile-1 elementor-widget elementor-widget-eael-betterdocs-category-box\" data-id=\"eb7ab42\" data-element_type=\"widget\" data-e-type=\"widget\" data-settings=\"{&quot;box_column&quot;:&quot;1&quot;,&quot;box_column_tablet&quot;:&quot;2&quot;,&quot;box_column_mobile&quot;:&quot;1&quot;}\" data-widget_type=\"eael-betterdocs-category-box.default\">\n\t\t\t\t<div class=\"elementor-widget-container\">\n\t\t\t\t\t<div id=\"eael-bd-cat-box-eb7ab42\" class=\"eael-better-docs-category-box-wrapper\"><div class=\"eael-better-docs-category-box\"><a href=\"https:\/\/support.wewalk.io\/tr\/art-cat\/v2-kullanim-kilavuzu\/\" class=\"eael-better-docs-category-box-post\">\n    <div class=\"eael-bd-cb-inner\"><h2 class=\"eael-bd-cb-cat-title\">Ak\u0131ll\u0131 Baston 2 Kullan\u0131m K\u0131lavuzu<\/h2><\/div>\n<\/a><a href=\"https:\/\/support.wewalk.io\/tr\/art-cat\/satin-alma-ve-odeme\/\" class=\"eael-better-docs-category-box-post\">\n    <div class=\"eael-bd-cb-inner\"><h2 class=\"eael-bd-cb-cat-title\">Sat\u0131n Alma ve \u00d6deme<\/h2><\/div>\n<\/a><\/div><\/div>\t\t\t\t<\/div>\n\t\t\t\t<\/div>\n\t\t\t\t\t<\/div>\n\t\t<\/div>\n\t\t\t\t\t<\/div>\n\t\t<\/section>\n\t\t\t\t<\/div>\n\t\t","protected":false},"excerpt":{"rendered":"<p>Yard\u0131m Merkezi Purchase and Payment<\/p>\n","protected":false},"author":1,"featured_media":0,"parent":0,"menu_order":0,"comment_status":"closed","ping_status":"closed","template":"","meta":{"inline_featured_image":false,"footnotes":""},"class_list":["post-6","page","type-page","status-publish","hentry"],"yoast_head":"<!-- This site is optimized with the Yoast SEO plugin v27.3 - https:\/\/yoast.com\/product\/yoast-seo-wordpress\/ -->\n<title>WeWALK Help Center - WeWalk<\/title>\n<meta name=\"robots\" content=\"index, follow, max-snippet:-1, max-image-preview:large, max-video-preview:-1\" \/>\n<link rel=\"canonical\" href=\"https:\/\/support.wewalk.io\/tr\/\" \/>\n<meta property=\"og:locale\" content=\"tr_TR\" \/>\n<meta property=\"og:type\" content=\"article\" \/>\n<meta property=\"og:title\" content=\"WeWALK Help Center - WeWalk\" \/>\n<meta property=\"og:description\" content=\"Yard\u0131m Merkezi Purchase and Payment\" \/>\n<meta property=\"og:url\" content=\"https:\/\/support.wewalk.io\/tr\/\" \/>\n<meta property=\"og:site_name\" content=\"WeWalk\" \/>\n<meta property=\"article:modified_time\" content=\"2026-03-10T13:31:54+00:00\" \/>\n<meta name=\"twitter:card\" content=\"summary_large_image\" \/>\n<meta name=\"twitter:label1\" content=\"Tahmini okuma s\u00fcresi\" \/>\n\t<meta name=\"twitter:data1\" content=\"1 dakika\" \/>\n<script type=\"application\/ld+json\" class=\"yoast-schema-graph\">{\"@context\":\"https:\\\/\\\/schema.org\",\"@graph\":[{\"@type\":\"WebPage\",\"@id\":\"https:\\\/\\\/support.wewalk.io\\\/tr\\\/\",\"url\":\"https:\\\/\\\/support.wewalk.io\\\/tr\\\/\",\"name\":\"WeWALK Help Center - WeWalk\",\"isPartOf\":{\"@id\":\"https:\\\/\\\/support.wewalk.io\\\/tr\\\/#website\"},\"datePublished\":\"2022-07-09T07:30:33+00:00\",\"dateModified\":\"2026-03-10T13:31:54+00:00\",\"breadcrumb\":{\"@id\":\"https:\\\/\\\/support.wewalk.io\\\/tr\\\/#breadcrumb\"},\"inLanguage\":\"tr\",\"potentialAction\":[{\"@type\":\"ReadAction\",\"target\":[\"https:\\\/\\\/support.wewalk.io\\\/tr\\\/\"]}]},{\"@type\":\"BreadcrumbList\",\"@id\":\"https:\\\/\\\/support.wewalk.io\\\/tr\\\/#breadcrumb\",\"itemListElement\":[{\"@type\":\"ListItem\",\"position\":1,\"name\":\"Home\",\"item\":\"https:\\\/\\\/support.wewalk.io\\\/tr\\\/\"},{\"@type\":\"ListItem\",\"position\":2,\"name\":\"WeWALK Help Center\"}]},{\"@type\":\"WebSite\",\"@id\":\"https:\\\/\\\/support.wewalk.io\\\/tr\\\/#website\",\"url\":\"https:\\\/\\\/support.wewalk.io\\\/tr\\\/\",\"name\":\"WeWalk\",\"description\":\"Just another WordPress site\",\"potentialAction\":[{\"@type\":\"SearchAction\",\"target\":{\"@type\":\"EntryPoint\",\"urlTemplate\":\"https:\\\/\\\/support.wewalk.io\\\/tr\\\/?s={search_term_string}\"},\"query-input\":{\"@type\":\"PropertyValueSpecification\",\"valueRequired\":true,\"valueName\":\"search_term_string\"}}],\"inLanguage\":\"tr\"}]}<\/script>\n<!-- \/ Yoast SEO plugin. -->","yoast_head_json":{"title":"WeWALK Help Center - WeWalk","robots":{"index":"index","follow":"follow","max-snippet":"max-snippet:-1","max-image-preview":"max-image-preview:large","max-video-preview":"max-video-preview:-1"},"canonical":"https:\/\/support.wewalk.io\/tr\/","og_locale":"tr_TR","og_type":"article","og_title":"WeWALK Help Center - WeWalk","og_description":"Yard\u0131m Merkezi Purchase and Payment","og_url":"https:\/\/support.wewalk.io\/tr\/","og_site_name":"WeWalk","article_modified_time":"2026-03-10T13:31:54+00:00","twitter_card":"summary_large_image","twitter_misc":{"Tahmini okuma s\u00fcresi":"1 dakika"},"schema":{"@context":"https:\/\/schema.org","@graph":[{"@type":"WebPage","@id":"https:\/\/support.wewalk.io\/tr\/","url":"https:\/\/support.wewalk.io\/tr\/","name":"WeWALK Help Center - WeWalk","isPartOf":{"@id":"https:\/\/support.wewalk.io\/tr\/#website"},"datePublished":"2022-07-09T07:30:33+00:00","dateModified":"2026-03-10T13:31:54+00:00","breadcrumb":{"@id":"https:\/\/support.wewalk.io\/tr\/#breadcrumb"},"inLanguage":"tr","potentialAction":[{"@type":"ReadAction","target":["https:\/\/support.wewalk.io\/tr\/"]}]},{"@type":"BreadcrumbList","@id":"https:\/\/support.wewalk.io\/tr\/#breadcrumb","itemListElement":[{"@type":"ListItem","position":1,"name":"Home","item":"https:\/\/support.wewalk.io\/tr\/"},{"@type":"ListItem","position":2,"name":"WeWALK Help Center"}]},{"@type":"WebSite","@id":"https:\/\/support.wewalk.io\/tr\/#website","url":"https:\/\/support.wewalk.io\/tr\/","name":"WeWalk","description":"Just another WordPress site","potentialAction":[{"@type":"SearchAction","target":{"@type":"EntryPoint","urlTemplate":"https:\/\/support.wewalk.io\/tr\/?s={search_term_string}"},"query-input":{"@type":"PropertyValueSpecification","valueRequired":true,"valueName":"search_term_string"}}],"inLanguage":"tr"}]}},"_links":{"self":[{"href":"https:\/\/support.wewalk.io\/tr\/wp-json\/wp\/v2\/pages\/6","targetHints":{"allow":["GET"]}}],"collection":[{"href":"https:\/\/support.wewalk.io\/tr\/wp-json\/wp\/v2\/pages"}],"about":[{"href":"https:\/\/support.wewalk.io\/tr\/wp-json\/wp\/v2\/types\/page"}],"author":[{"embeddable":true,"href":"https:\/\/support.wewalk.io\/tr\/wp-json\/wp\/v2\/users\/1"}],"replies":[{"embeddable":true,"href":"https:\/\/support.wewalk.io\/tr\/wp-json\/wp\/v2\/comments?post=6"}],"version-history":[{"count":4,"href":"https:\/\/support.wewalk.io\/tr\/wp-json\/wp\/v2\/pages\/6\/revisions"}],"predecessor-version":[{"id":2632,"href":"https:\/\/support.wewalk.io\/tr\/wp-json\/wp\/v2\/pages\/6\/revisions\/2632"}],"wp:attachment":[{"href":"https:\/\/support.wewalk.io\/tr\/wp-json\/wp\/v2\/media?parent=6"}],"curies":[{"name":"wp","href":"https:\/\/api.w.org\/{rel}","templated":true}]}}